{"id":356260,"date":"2024-10-30T13:31:29","date_gmt":"2024-10-30T12:31:29","guid":{"rendered":"https:\/\/www.sweat-off.com\/produkt\/no-stress-set-scented\/"},"modified":"2025-08-05T15:17:03","modified_gmt":"2025-08-05T13:17:03","slug":"no-stress-set-scented","status":"publish","type":"product","link":"https:\/\/www.sweat-off.com\/en\/product\/no-stress-set-scented\/","title":{"rendered":"No Stress Set scented"},"content":{"rendered":"<p class=\"SWOFStandardtext\">Dieses Duo verhindert Hand- und Fu\u00dfschwei\u00df \u2013 und verleiht wohlriechende Achseln.<\/p>\n<p class=\"SWOFStandardtext\">Basierend auf unserer st\u00e4rksten Formel stoppt das Gel auch st\u00e4rkere Schwei\u00dfbildung zuverl\u00e4ssig. Der handliche Pumpspender und die angenehme Textur machen das Auftragen und Dosieren zudem besonders leicht. Der Sweat-Off Stick sorgt f\u00fcr trockene Achseln und einen dezenten Duft, denn er ist Deo und Antitranspirant in einem. Durch die mildere Dosierung kann er jederzeit und auch mehrmals t\u00e4glich angewendet werden \u2013 f\u00fcr Extra-Schutz vor Schwei\u00df in jeder Situation.<\/p>\n","protected":false},"excerpt":{"rendered":"<p>F\u00fcr schwei\u00dffreie H\u00e4nde und F\u00fc\u00dfe und duftende Achseln.<\/p>\n","protected":false},"featured_media":322347,"comment_status":"closed","ping_status":"closed","template":"","meta":{"_acf_changed":false,"inline_featured_image":false},"product_brand":[],"product_cat":[476,471,472],"product_tag":[477],"class_list":{"0":"post-356260","1":"product","2":"type-product","3":"status-publish","4":"has-post-thumbnail","6":"product_cat-dreamteam","7":"product_cat-sets-en","8":"product_cat-sweat-off-classic","9":"product_tag-product-sets","10":"product_shipping_class-k0-l13-en","11":"pa_duft-with-fragrance","13":"first","14":"instock","15":"taxable","16":"shipping-taxable","17":"purchasable","18":"product-type-yith_bundle"},"acf":[],"yoast_head":"<!-- This site is optimized with the Yoast SEO plugin v25.2 - https:\/\/yoast.com\/wordpress\/plugins\/seo\/ -->\n<title>No Stress Set scented<\/title>\n<meta name=\"robots\" content=\"index, follow, max-snippet:-1, max-image-preview:large, max-video-preview:-1\" \/>\n<link rel=\"canonical\" href=\"https:\/\/www.sweat-off.com\/en\/product\/no-stress-set-scented\/\" \/>\n<meta property=\"og:locale\" content=\"en_US\" \/>\n<meta property=\"og:type\" content=\"article\" \/>\n<meta property=\"og:title\" content=\"No Stress Set scented\" \/>\n<meta property=\"og:description\" content=\"F\u00fcr schwei\u00dffreie H\u00e4nde und F\u00fc\u00dfe und duftende Achseln.\" \/>\n<meta property=\"og:url\" content=\"https:\/\/www.sweat-off.com\/en\/product\/no-stress-set-scented\/\" \/>\n<meta property=\"og:site_name\" content=\"Sweat-Off\" \/>\n<meta property=\"article:modified_time\" content=\"2025-08-05T13:17:03+00:00\" \/>\n<meta property=\"og:image\" content=\"https:\/\/www.sweat-off.com\/wp-content\/uploads\/2023\/06\/stick-gel-set.jpg\" \/>\n\t<meta property=\"og:image:width\" content=\"1098\" \/>\n\t<meta property=\"og:image:height\" content=\"1536\" \/>\n\t<meta property=\"og:image:type\" content=\"image\/jpeg\" \/>\n<meta name=\"twitter:card\" content=\"summary_large_image\" \/>\n<meta name=\"twitter:label1\" content=\"Est. reading time\" \/>\n\t<meta name=\"twitter:data1\" content=\"1 minute\" \/>\n<script type=\"application\/ld+json\" class=\"yoast-schema-graph\">{\"@context\":\"https:\/\/schema.org\",\"@graph\":[{\"@type\":\"WebPage\",\"@id\":\"https:\/\/www.sweat-off.com\/en\/product\/no-stress-set-scented\/\",\"url\":\"https:\/\/www.sweat-off.com\/en\/product\/no-stress-set-scented\/\",\"name\":\"No Stress Set scented\",\"isPartOf\":{\"@id\":\"https:\/\/www.sweat-off.com\/en\/#website\"},\"primaryImageOfPage\":{\"@id\":\"https:\/\/www.sweat-off.com\/en\/product\/no-stress-set-scented\/#primaryimage\"},\"image\":{\"@id\":\"https:\/\/www.sweat-off.com\/en\/product\/no-stress-set-scented\/#primaryimage\"},\"thumbnailUrl\":\"https:\/\/www.sweat-off.com\/wp-content\/uploads\/2023\/06\/stick-gel-set.jpg\",\"datePublished\":\"2024-10-30T12:31:29+00:00\",\"dateModified\":\"2025-08-05T13:17:03+00:00\",\"breadcrumb\":{\"@id\":\"https:\/\/www.sweat-off.com\/en\/product\/no-stress-set-scented\/#breadcrumb\"},\"inLanguage\":\"en-US\",\"potentialAction\":[{\"@type\":\"ReadAction\",\"target\":[\"https:\/\/www.sweat-off.com\/en\/product\/no-stress-set-scented\/\"]}]},{\"@type\":\"ImageObject\",\"inLanguage\":\"en-US\",\"@id\":\"https:\/\/www.sweat-off.com\/en\/product\/no-stress-set-scented\/#primaryimage\",\"url\":\"https:\/\/www.sweat-off.com\/wp-content\/uploads\/2023\/06\/stick-gel-set.jpg\",\"contentUrl\":\"https:\/\/www.sweat-off.com\/wp-content\/uploads\/2023\/06\/stick-gel-set.jpg\",\"width\":1098,\"height\":1536,\"caption\":\"Sweat-Off Stick und Gel\"},{\"@type\":\"BreadcrumbList\",\"@id\":\"https:\/\/www.sweat-off.com\/en\/product\/no-stress-set-scented\/#breadcrumb\",\"itemListElement\":[{\"@type\":\"ListItem\",\"position\":1,\"name\":\"Home\",\"item\":\"https:\/\/www.sweat-off.com\/en\/startseite\/\"},{\"@type\":\"ListItem\",\"position\":2,\"name\":\"Shop\",\"item\":\"https:\/\/www.sweat-off.com\/en\/shop\/\"},{\"@type\":\"ListItem\",\"position\":3,\"name\":\"No Stress Set scented\"}]},{\"@type\":\"WebSite\",\"@id\":\"https:\/\/www.sweat-off.com\/en\/#website\",\"url\":\"https:\/\/www.sweat-off.com\/en\/\",\"name\":\"Sweat-Off\",\"description\":\"Gegen Achselschwei\u00df + starkes Schwitzen hilft Sweat-off Antitranspirant Deodorant nach dem Erfolgrezept von Prof. Dr. med. Raulin. Beim Hersteller kaufen mit 30 Tage Geld-zur\u00fcck-Garantie!\",\"publisher\":{\"@id\":\"https:\/\/www.sweat-off.com\/en\/#organization\"},\"potentialAction\":[{\"@type\":\"SearchAction\",\"target\":{\"@type\":\"EntryPoint\",\"urlTemplate\":\"https:\/\/www.sweat-off.com\/en\/?s={search_term_string}\"},\"query-input\":{\"@type\":\"PropertyValueSpecification\",\"valueRequired\":true,\"valueName\":\"search_term_string\"}}],\"inLanguage\":\"en-US\"},{\"@type\":\"Organization\",\"@id\":\"https:\/\/www.sweat-off.com\/en\/#organization\",\"name\":\"Sweat-Off GmbH\",\"alternateName\":\"Sweat-Off\",\"url\":\"https:\/\/www.sweat-off.com\/en\/\",\"logo\":{\"@type\":\"ImageObject\",\"inLanguage\":\"en-US\",\"@id\":\"https:\/\/www.sweat-off.com\/en\/#\/schema\/logo\/image\/\",\"url\":\"https:\/\/www.sweat-off.com\/wp-content\/uploads\/2023\/03\/cropped-favicon-2.png\",\"contentUrl\":\"https:\/\/www.sweat-off.com\/wp-content\/uploads\/2023\/03\/cropped-favicon-2.png\",\"width\":512,\"height\":512,\"caption\":\"Sweat-Off GmbH\"},\"image\":{\"@id\":\"https:\/\/www.sweat-off.com\/en\/#\/schema\/logo\/image\/\"}}]}<\/script>\n<!-- \/ Yoast SEO plugin. -->","yoast_head_json":{"title":"No Stress Set scented","robots":{"index":"index","follow":"follow","max-snippet":"max-snippet:-1","max-image-preview":"max-image-preview:large","max-video-preview":"max-video-preview:-1"},"canonical":"https:\/\/www.sweat-off.com\/en\/product\/no-stress-set-scented\/","og_locale":"en_US","og_type":"article","og_title":"No Stress Set scented","og_description":"F\u00fcr schwei\u00dffreie H\u00e4nde und F\u00fc\u00dfe und duftende Achseln.","og_url":"https:\/\/www.sweat-off.com\/en\/product\/no-stress-set-scented\/","og_site_name":"Sweat-Off","article_modified_time":"2025-08-05T13:17:03+00:00","og_image":[{"width":1098,"height":1536,"url":"https:\/\/www.sweat-off.com\/wp-content\/uploads\/2023\/06\/stick-gel-set.jpg","type":"image\/jpeg"}],"twitter_card":"summary_large_image","twitter_misc":{"Est. reading time":"1 minute"},"schema":{"@context":"https:\/\/schema.org","@graph":[{"@type":"WebPage","@id":"https:\/\/www.sweat-off.com\/en\/product\/no-stress-set-scented\/","url":"https:\/\/www.sweat-off.com\/en\/product\/no-stress-set-scented\/","name":"No Stress Set scented","isPartOf":{"@id":"https:\/\/www.sweat-off.com\/en\/#website"},"primaryImageOfPage":{"@id":"https:\/\/www.sweat-off.com\/en\/product\/no-stress-set-scented\/#primaryimage"},"image":{"@id":"https:\/\/www.sweat-off.com\/en\/product\/no-stress-set-scented\/#primaryimage"},"thumbnailUrl":"https:\/\/www.sweat-off.com\/wp-content\/uploads\/2023\/06\/stick-gel-set.jpg","datePublished":"2024-10-30T12:31:29+00:00","dateModified":"2025-08-05T13:17:03+00:00","breadcrumb":{"@id":"https:\/\/www.sweat-off.com\/en\/product\/no-stress-set-scented\/#breadcrumb"},"inLanguage":"en-US","potentialAction":[{"@type":"ReadAction","target":["https:\/\/www.sweat-off.com\/en\/product\/no-stress-set-scented\/"]}]},{"@type":"ImageObject","inLanguage":"en-US","@id":"https:\/\/www.sweat-off.com\/en\/product\/no-stress-set-scented\/#primaryimage","url":"https:\/\/www.sweat-off.com\/wp-content\/uploads\/2023\/06\/stick-gel-set.jpg","contentUrl":"https:\/\/www.sweat-off.com\/wp-content\/uploads\/2023\/06\/stick-gel-set.jpg","width":1098,"height":1536,"caption":"Sweat-Off Stick und Gel"},{"@type":"BreadcrumbList","@id":"https:\/\/www.sweat-off.com\/en\/product\/no-stress-set-scented\/#breadcrumb","itemListElement":[{"@type":"ListItem","position":1,"name":"Home","item":"https:\/\/www.sweat-off.com\/en\/startseite\/"},{"@type":"ListItem","position":2,"name":"Shop","item":"https:\/\/www.sweat-off.com\/en\/shop\/"},{"@type":"ListItem","position":3,"name":"No Stress Set scented"}]},{"@type":"WebSite","@id":"https:\/\/www.sweat-off.com\/en\/#website","url":"https:\/\/www.sweat-off.com\/en\/","name":"Sweat-Off","description":"Gegen Achselschwei\u00df + starkes Schwitzen hilft Sweat-off Antitranspirant Deodorant nach dem Erfolgrezept von Prof. Dr. med. Raulin. Beim Hersteller kaufen mit 30 Tage Geld-zur\u00fcck-Garantie!","publisher":{"@id":"https:\/\/www.sweat-off.com\/en\/#organization"},"potentialAction":[{"@type":"SearchAction","target":{"@type":"EntryPoint","urlTemplate":"https:\/\/www.sweat-off.com\/en\/?s={search_term_string}"},"query-input":{"@type":"PropertyValueSpecification","valueRequired":true,"valueName":"search_term_string"}}],"inLanguage":"en-US"},{"@type":"Organization","@id":"https:\/\/www.sweat-off.com\/en\/#organization","name":"Sweat-Off GmbH","alternateName":"Sweat-Off","url":"https:\/\/www.sweat-off.com\/en\/","logo":{"@type":"ImageObject","inLanguage":"en-US","@id":"https:\/\/www.sweat-off.com\/en\/#\/schema\/logo\/image\/","url":"https:\/\/www.sweat-off.com\/wp-content\/uploads\/2023\/03\/cropped-favicon-2.png","contentUrl":"https:\/\/www.sweat-off.com\/wp-content\/uploads\/2023\/03\/cropped-favicon-2.png","width":512,"height":512,"caption":"Sweat-Off GmbH"},"image":{"@id":"https:\/\/www.sweat-off.com\/en\/#\/schema\/logo\/image\/"}}]}},"_links":{"self":[{"href":"https:\/\/www.sweat-off.com\/en\/wp-json\/wp\/v2\/product\/356260","targetHints":{"allow":["GET"]}}],"collection":[{"href":"https:\/\/www.sweat-off.com\/en\/wp-json\/wp\/v2\/product"}],"about":[{"href":"https:\/\/www.sweat-off.com\/en\/wp-json\/wp\/v2\/types\/product"}],"replies":[{"embeddable":true,"href":"https:\/\/www.sweat-off.com\/en\/wp-json\/wp\/v2\/comments?post=356260"}],"wp:featuredmedia":[{"embeddable":true,"href":"https:\/\/www.sweat-off.com\/en\/wp-json\/wp\/v2\/media\/322347"}],"wp:attachment":[{"href":"https:\/\/www.sweat-off.com\/en\/wp-json\/wp\/v2\/media?parent=356260"}],"wp:term":[{"taxonomy":"product_brand","embeddable":true,"href":"https:\/\/www.sweat-off.com\/en\/wp-json\/wp\/v2\/product_brand?post=356260"},{"taxonomy":"product_cat","embeddable":true,"href":"https:\/\/www.sweat-off.com\/en\/wp-json\/wp\/v2\/product_cat?post=356260"},{"taxonomy":"product_tag","embeddable":true,"href":"https:\/\/www.sweat-off.com\/en\/wp-json\/wp\/v2\/product_tag?post=356260"}],"curies":[{"name":"wp","href":"https:\/\/api.w.org\/{rel}","templated":true}]}}